{"id":3504,"date":"2023-12-28T15:57:11","date_gmt":"2023-12-28T14:57:11","guid":{"rendered":"https:\/\/bhagwan-incense.com\/?post_type=product&#038;p=3504"},"modified":"2026-03-28T14:45:25","modified_gmt":"2026-03-28T13:45:25","slug":"echantillons-bhagwan-incense-serie-4","status":"publish","type":"product","link":"https:\/\/bhagwan-incense.com\/fr\/produit\/echantillons-bhagwan-incense-serie-4\/","title":{"rendered":"24 \u00c9chantillons d&#8217;Encens, Set d&#8217;Encens Bhagwan, Set 4"},"content":{"rendered":"<p>Set g\u00e9ant de 24 \u00e9chantillons d&#8217;encens \u2013 chaque b\u00e2tonnet est individuellement emball\u00e9 et une \u00e9tiquette est appos\u00e9e : Meena Supreme, Woody Champa, Frank &amp; Rose, Jardin d&#8217;\u00c9den, Rose Rouge, Alchemist Gold, Jardin du Kerala, Printemps en Fleurs, Oud Majestueux, Ambre Balsamique, Masala au Safran, Goyave, Nag Champa F\u00e9licit\u00e9, Caramel Sal\u00e9, Sambrani Gold, Santal Royal, Lady Champa, Ambre Oud, Eucalyptus Gu\u00e9risseur, Mangue, Sauge Blanche, Oud Imp\u00e9rial, For\u00eat de Pins Mystique, Jardin du Cachemire.<\/p>\n","protected":false},"excerpt":{"rendered":"<p>Set g\u00e9ant de 24 \u00e9chantillons d&#8217;encens \u2013 chaque b\u00e2tonnet est individuellement emball\u00e9 et une \u00e9tiquette est appos\u00e9e.<\/p>\n","protected":false},"featured_media":3510,"comment_status":"open","ping_status":"closed","template":"","meta":[],"product_brand":[],"product_cat":[86],"product_tag":[74,67,72],"class_list":{"0":"post-3504","1":"product","2":"type-product","3":"status-publish","4":"has-post-thumbnail","6":"product_cat-echantillons-dencens","7":"product_tag-epice","8":"product_tag-floral-fr-2","9":"product_tag-oriental-fr","11":"first","12":"instock","13":"shipping-taxable","14":"purchasable","15":"product-type-simple"},"yoast_head":"<!-- This site is optimized with the Yoast SEO plugin v27.3 - https:\/\/yoast.com\/product\/yoast-seo-wordpress\/ -->\n<title>\u00c9chantillons d&#039;encens, Ensemble 4. Essayez avant d&#039;acheter. Encens Bhagwan<\/title>\n<meta name=\"description\" content=\"Plongez dans une exp\u00e9rience sensorielle avec notre collection s\u00e9lectionn\u00e9e d&#039;encens. Commandez votre ensemble de 23 \u00e9chantillons d&#039;encens. Rehaussez votre espace avec ces tr\u00e9sors parfum\u00e9s.\" \/>\n<meta name=\"robots\" content=\"index, follow, max-snippet:-1, max-image-preview:large, max-video-preview:-1\" \/>\n<link rel=\"canonical\" href=\"https:\/\/bhagwan-incense.com\/fr\/produit\/echantillons-bhagwan-incense-serie-4\/\" \/>\n<meta property=\"og:locale\" content=\"fr_FR\" \/>\n<meta property=\"og:type\" content=\"article\" \/>\n<meta property=\"og:title\" content=\"\u00c9chantillons d&#039;encens, Ensemble 4. Essayez avant d&#039;acheter. Encens Bhagwan\" \/>\n<meta property=\"og:description\" content=\"Plongez dans une exp\u00e9rience sensorielle avec notre collection s\u00e9lectionn\u00e9e d&#039;encens. Commandez votre ensemble de 23 \u00e9chantillons d&#039;encens. Rehaussez votre espace avec ces tr\u00e9sors parfum\u00e9s.\" \/>\n<meta property=\"og:url\" content=\"https:\/\/bhagwan-incense.com\/fr\/produit\/echantillons-bhagwan-incense-serie-4\/\" \/>\n<meta property=\"og:site_name\" content=\"Bhagwan Incense | EU and Worldwide Shop\" \/>\n<meta property=\"article:publisher\" content=\"https:\/\/www.facebook.com\/profile.php?id=100093081477613&amp;mibextid=ZbWKwLp\" \/>\n<meta property=\"article:modified_time\" content=\"2026-03-28T13:45:25+00:00\" \/>\n<meta property=\"og:image\" content=\"https:\/\/bhagwan-incense.com\/wp-content\/uploads\/2023\/12\/Sample-Set-ALL-1.jpg?wsr\" \/>\n\t<meta property=\"og:image:width\" content=\"994\" \/>\n\t<meta property=\"og:image:height\" content=\"663\" \/>\n\t<meta property=\"og:image:type\" content=\"image\/jpeg\" \/>\n<meta name=\"twitter:card\" content=\"summary_large_image\" \/>\n<meta name=\"twitter:label1\" content=\"Dur\u00e9e de lecture estim\u00e9e\" \/>\n\t<meta name=\"twitter:data1\" content=\"1 minute\" \/>\n<script type=\"application\/ld+json\" class=\"yoast-schema-graph\">{\"@context\":\"https:\\\/\\\/schema.org\",\"@graph\":[{\"@type\":\"WebPage\",\"@id\":\"https:\\\/\\\/bhagwan-incense.com\\\/fr\\\/produit\\\/echantillons-bhagwan-incense-serie-4\\\/\",\"url\":\"https:\\\/\\\/bhagwan-incense.com\\\/fr\\\/produit\\\/echantillons-bhagwan-incense-serie-4\\\/\",\"name\":\"\u00c9chantillons d'encens, Ensemble 4. Essayez avant d'acheter. Encens Bhagwan\",\"isPartOf\":{\"@id\":\"https:\\\/\\\/bhagwan-incense.com\\\/fr\\\/#website\"},\"primaryImageOfPage\":{\"@id\":\"https:\\\/\\\/bhagwan-incense.com\\\/fr\\\/produit\\\/echantillons-bhagwan-incense-serie-4\\\/#primaryimage\"},\"image\":{\"@id\":\"https:\\\/\\\/bhagwan-incense.com\\\/fr\\\/produit\\\/echantillons-bhagwan-incense-serie-4\\\/#primaryimage\"},\"thumbnailUrl\":\"https:\\\/\\\/bhagwan-incense.com\\\/wp-content\\\/uploads\\\/2023\\\/12\\\/Sample-Set-ALL-1.jpg?wsr\",\"datePublished\":\"2023-12-28T14:57:11+00:00\",\"dateModified\":\"2026-03-28T13:45:25+00:00\",\"description\":\"Plongez dans une exp\u00e9rience sensorielle avec notre collection s\u00e9lectionn\u00e9e d'encens. Commandez votre ensemble de 23 \u00e9chantillons d'encens. Rehaussez votre espace avec ces tr\u00e9sors parfum\u00e9s.\",\"breadcrumb\":{\"@id\":\"https:\\\/\\\/bhagwan-incense.com\\\/fr\\\/produit\\\/echantillons-bhagwan-incense-serie-4\\\/#breadcrumb\"},\"inLanguage\":\"fr-FR\",\"potentialAction\":[{\"@type\":\"ReadAction\",\"target\":[\"https:\\\/\\\/bhagwan-incense.com\\\/fr\\\/produit\\\/echantillons-bhagwan-incense-serie-4\\\/\"]}]},{\"@type\":\"ImageObject\",\"inLanguage\":\"fr-FR\",\"@id\":\"https:\\\/\\\/bhagwan-incense.com\\\/fr\\\/produit\\\/echantillons-bhagwan-incense-serie-4\\\/#primaryimage\",\"url\":\"https:\\\/\\\/bhagwan-incense.com\\\/wp-content\\\/uploads\\\/2023\\\/12\\\/Sample-Set-ALL-1.jpg?wsr\",\"contentUrl\":\"https:\\\/\\\/bhagwan-incense.com\\\/wp-content\\\/uploads\\\/2023\\\/12\\\/Sample-Set-ALL-1.jpg?wsr\",\"width\":994,\"height\":663},{\"@type\":\"BreadcrumbList\",\"@id\":\"https:\\\/\\\/bhagwan-incense.com\\\/fr\\\/produit\\\/echantillons-bhagwan-incense-serie-4\\\/#breadcrumb\",\"itemListElement\":[{\"@type\":\"ListItem\",\"position\":1,\"name\":\"Home\",\"item\":\"https:\\\/\\\/bhagwan-incense.com\\\/fr\\\/\"},{\"@type\":\"ListItem\",\"position\":2,\"name\":\"Boutique\",\"item\":\"https:\\\/\\\/bhagwan-incense.com\\\/fr\\\/boutique\\\/\"},{\"@type\":\"ListItem\",\"position\":3,\"name\":\"24 \u00c9chantillons d&#8217;Encens, Set d&#8217;Encens Bhagwan, Set 4\"}]},{\"@type\":\"WebSite\",\"@id\":\"https:\\\/\\\/bhagwan-incense.com\\\/fr\\\/#website\",\"url\":\"https:\\\/\\\/bhagwan-incense.com\\\/fr\\\/\",\"name\":\"Bhagwan Incense | EU and Worldwide Incense Shop\",\"description\":\"Pure and Natural Incense from India\",\"publisher\":{\"@id\":\"https:\\\/\\\/bhagwan-incense.com\\\/fr\\\/#organization\"},\"potentialAction\":[{\"@type\":\"SearchAction\",\"target\":{\"@type\":\"EntryPoint\",\"urlTemplate\":\"https:\\\/\\\/bhagwan-incense.com\\\/fr\\\/?s={search_term_string}\"},\"query-input\":{\"@type\":\"PropertyValueSpecification\",\"valueRequired\":true,\"valueName\":\"search_term_string\"}}],\"inLanguage\":\"fr-FR\"},{\"@type\":\"Organization\",\"@id\":\"https:\\\/\\\/bhagwan-incense.com\\\/fr\\\/#organization\",\"name\":\"Bhagwan incense\",\"url\":\"https:\\\/\\\/bhagwan-incense.com\\\/fr\\\/\",\"logo\":{\"@type\":\"ImageObject\",\"inLanguage\":\"fr-FR\",\"@id\":\"https:\\\/\\\/bhagwan-incense.com\\\/fr\\\/#\\\/schema\\\/logo\\\/image\\\/\",\"url\":\"https:\\\/\\\/bhagwan-incense.com\\\/wp-content\\\/uploads\\\/2023\\\/06\\\/Logo-black.png\",\"contentUrl\":\"https:\\\/\\\/bhagwan-incense.com\\\/wp-content\\\/uploads\\\/2023\\\/06\\\/Logo-black.png\",\"width\":150,\"height\":150,\"caption\":\"Bhagwan incense\"},\"image\":{\"@id\":\"https:\\\/\\\/bhagwan-incense.com\\\/fr\\\/#\\\/schema\\\/logo\\\/image\\\/\"},\"sameAs\":[\"https:\\\/\\\/www.facebook.com\\\/profile.php?id=100093081477613&mibextid=ZbWKwLp\",\"https:\\\/\\\/www.instagram.com\\\/bhagwan_incense\\\/\"]}]}<\/script>\n<!-- \/ Yoast SEO plugin. -->","yoast_head_json":{"title":"\u00c9chantillons d'encens, Ensemble 4. Essayez avant d'acheter. Encens Bhagwan","description":"Plongez dans une exp\u00e9rience sensorielle avec notre collection s\u00e9lectionn\u00e9e d'encens. Commandez votre ensemble de 23 \u00e9chantillons d'encens. Rehaussez votre espace avec ces tr\u00e9sors parfum\u00e9s.","robots":{"index":"index","follow":"follow","max-snippet":"max-snippet:-1","max-image-preview":"max-image-preview:large","max-video-preview":"max-video-preview:-1"},"canonical":"https:\/\/bhagwan-incense.com\/fr\/produit\/echantillons-bhagwan-incense-serie-4\/","og_locale":"fr_FR","og_type":"article","og_title":"\u00c9chantillons d'encens, Ensemble 4. Essayez avant d'acheter. Encens Bhagwan","og_description":"Plongez dans une exp\u00e9rience sensorielle avec notre collection s\u00e9lectionn\u00e9e d'encens. Commandez votre ensemble de 23 \u00e9chantillons d'encens. Rehaussez votre espace avec ces tr\u00e9sors parfum\u00e9s.","og_url":"https:\/\/bhagwan-incense.com\/fr\/produit\/echantillons-bhagwan-incense-serie-4\/","og_site_name":"Bhagwan Incense | EU and Worldwide Shop","article_publisher":"https:\/\/www.facebook.com\/profile.php?id=100093081477613&mibextid=ZbWKwLp","article_modified_time":"2026-03-28T13:45:25+00:00","og_image":[{"width":994,"height":663,"url":"https:\/\/bhagwan-incense.com\/wp-content\/uploads\/2023\/12\/Sample-Set-ALL-1.jpg?wsr","type":"image\/jpeg"}],"twitter_card":"summary_large_image","twitter_misc":{"Dur\u00e9e de lecture estim\u00e9e":"1 minute"},"schema":{"@context":"https:\/\/schema.org","@graph":[{"@type":"WebPage","@id":"https:\/\/bhagwan-incense.com\/fr\/produit\/echantillons-bhagwan-incense-serie-4\/","url":"https:\/\/bhagwan-incense.com\/fr\/produit\/echantillons-bhagwan-incense-serie-4\/","name":"\u00c9chantillons d'encens, Ensemble 4. Essayez avant d'acheter. Encens Bhagwan","isPartOf":{"@id":"https:\/\/bhagwan-incense.com\/fr\/#website"},"primaryImageOfPage":{"@id":"https:\/\/bhagwan-incense.com\/fr\/produit\/echantillons-bhagwan-incense-serie-4\/#primaryimage"},"image":{"@id":"https:\/\/bhagwan-incense.com\/fr\/produit\/echantillons-bhagwan-incense-serie-4\/#primaryimage"},"thumbnailUrl":"https:\/\/bhagwan-incense.com\/wp-content\/uploads\/2023\/12\/Sample-Set-ALL-1.jpg?wsr","datePublished":"2023-12-28T14:57:11+00:00","dateModified":"2026-03-28T13:45:25+00:00","description":"Plongez dans une exp\u00e9rience sensorielle avec notre collection s\u00e9lectionn\u00e9e d'encens. Commandez votre ensemble de 23 \u00e9chantillons d'encens. Rehaussez votre espace avec ces tr\u00e9sors parfum\u00e9s.","breadcrumb":{"@id":"https:\/\/bhagwan-incense.com\/fr\/produit\/echantillons-bhagwan-incense-serie-4\/#breadcrumb"},"inLanguage":"fr-FR","potentialAction":[{"@type":"ReadAction","target":["https:\/\/bhagwan-incense.com\/fr\/produit\/echantillons-bhagwan-incense-serie-4\/"]}]},{"@type":"ImageObject","inLanguage":"fr-FR","@id":"https:\/\/bhagwan-incense.com\/fr\/produit\/echantillons-bhagwan-incense-serie-4\/#primaryimage","url":"https:\/\/bhagwan-incense.com\/wp-content\/uploads\/2023\/12\/Sample-Set-ALL-1.jpg?wsr","contentUrl":"https:\/\/bhagwan-incense.com\/wp-content\/uploads\/2023\/12\/Sample-Set-ALL-1.jpg?wsr","width":994,"height":663},{"@type":"BreadcrumbList","@id":"https:\/\/bhagwan-incense.com\/fr\/produit\/echantillons-bhagwan-incense-serie-4\/#breadcrumb","itemListElement":[{"@type":"ListItem","position":1,"name":"Home","item":"https:\/\/bhagwan-incense.com\/fr\/"},{"@type":"ListItem","position":2,"name":"Boutique","item":"https:\/\/bhagwan-incense.com\/fr\/boutique\/"},{"@type":"ListItem","position":3,"name":"24 \u00c9chantillons d&#8217;Encens, Set d&#8217;Encens Bhagwan, Set 4"}]},{"@type":"WebSite","@id":"https:\/\/bhagwan-incense.com\/fr\/#website","url":"https:\/\/bhagwan-incense.com\/fr\/","name":"Bhagwan Incense | EU and Worldwide Incense Shop","description":"Pure and Natural Incense from India","publisher":{"@id":"https:\/\/bhagwan-incense.com\/fr\/#organization"},"potentialAction":[{"@type":"SearchAction","target":{"@type":"EntryPoint","urlTemplate":"https:\/\/bhagwan-incense.com\/fr\/?s={search_term_string}"},"query-input":{"@type":"PropertyValueSpecification","valueRequired":true,"valueName":"search_term_string"}}],"inLanguage":"fr-FR"},{"@type":"Organization","@id":"https:\/\/bhagwan-incense.com\/fr\/#organization","name":"Bhagwan incense","url":"https:\/\/bhagwan-incense.com\/fr\/","logo":{"@type":"ImageObject","inLanguage":"fr-FR","@id":"https:\/\/bhagwan-incense.com\/fr\/#\/schema\/logo\/image\/","url":"https:\/\/bhagwan-incense.com\/wp-content\/uploads\/2023\/06\/Logo-black.png","contentUrl":"https:\/\/bhagwan-incense.com\/wp-content\/uploads\/2023\/06\/Logo-black.png","width":150,"height":150,"caption":"Bhagwan incense"},"image":{"@id":"https:\/\/bhagwan-incense.com\/fr\/#\/schema\/logo\/image\/"},"sameAs":["https:\/\/www.facebook.com\/profile.php?id=100093081477613&mibextid=ZbWKwLp","https:\/\/www.instagram.com\/bhagwan_incense\/"]}]}},"_links":{"self":[{"href":"https:\/\/bhagwan-incense.com\/fr\/wp-json\/wp\/v2\/product\/3504","targetHints":{"allow":["GET"]}}],"collection":[{"href":"https:\/\/bhagwan-incense.com\/fr\/wp-json\/wp\/v2\/product"}],"about":[{"href":"https:\/\/bhagwan-incense.com\/fr\/wp-json\/wp\/v2\/types\/product"}],"replies":[{"embeddable":true,"href":"https:\/\/bhagwan-incense.com\/fr\/wp-json\/wp\/v2\/comments?post=3504"}],"wp:featuredmedia":[{"embeddable":true,"href":"https:\/\/bhagwan-incense.com\/fr\/wp-json\/wp\/v2\/media\/3510"}],"wp:attachment":[{"href":"https:\/\/bhagwan-incense.com\/fr\/wp-json\/wp\/v2\/media?parent=3504"}],"wp:term":[{"taxonomy":"product_brand","embeddable":true,"href":"https:\/\/bhagwan-incense.com\/fr\/wp-json\/wp\/v2\/product_brand?post=3504"},{"taxonomy":"product_cat","embeddable":true,"href":"https:\/\/bhagwan-incense.com\/fr\/wp-json\/wp\/v2\/product_cat?post=3504"},{"taxonomy":"product_tag","embeddable":true,"href":"https:\/\/bhagwan-incense.com\/fr\/wp-json\/wp\/v2\/product_tag?post=3504"}],"curies":[{"name":"wp","href":"https:\/\/api.w.org\/{rel}","templated":true}]}}